{"id":19167,"date":"2025-05-20T09:35:27","date_gmt":"2025-05-20T09:35:27","guid":{"rendered":"https:\/\/eshop.cermandrevo.cz\/?post_type=product&#038;p=19167"},"modified":"2025-05-20T09:35:27","modified_gmt":"2025-05-20T09:35:27","slug":"starozitna-vitrina-176-118-58","status":"publish","type":"product","link":"https:\/\/eshop.cermandrevo.cz\/en\/product\/starozitna-vitrina-176-118-58\/","title":{"rendered":"Staro\u017eitn\u00e1 vitr\u00edna 176 \/ 118 \/ 58"},"content":{"rendered":"<p>N\u00e1dhern\u00e1 staro\u017eitn\u00e1 vitr\u00edna po renovaci.<\/p>\n<p>O\u0161et\u0159ena<\/p>\n<ol>\n<li>tvrd\u00fd vosko<\/li>\n<li>olej matn\u00fd<\/li>\n<\/ol>\n<p>&nbsp;<\/p>\n<p>&nbsp;<\/p>","protected":false},"excerpt":{"rendered":"<p><img fetchpriority=\"high\" decoding=\"async\" class=\"alignnone size-medium wp-image-19168\" src=\"http:\/\/eshop.cermandrevo.cz\/wp-content\/uploads\/2025\/05\/WhatsApp-Image-2025-05-17-at-12.48.50-1-225x300.jpeg\" alt=\"\" width=\"225\" height=\"300\" srcset=\"https:\/\/eshop.cermandrevo.cz\/wp-content\/uploads\/2025\/05\/WhatsApp-Image-2025-05-17-at-12.48.50-1-225x300.jpeg 225w, https:\/\/eshop.cermandrevo.cz\/wp-content\/uploads\/2025\/05\/WhatsApp-Image-2025-05-17-at-12.48.50-1-600x800.jpeg 600w, https:\/\/eshop.cermandrevo.cz\/wp-content\/uploads\/2025\/05\/WhatsApp-Image-2025-05-17-at-12.48.50-1-768x1024.jpeg 768w, https:\/\/eshop.cermandrevo.cz\/wp-content\/uploads\/2025\/05\/WhatsApp-Image-2025-05-17-at-12.48.50-1-1152x1536.jpeg 1152w, https:\/\/eshop.cermandrevo.cz\/wp-content\/uploads\/2025\/05\/WhatsApp-Image-2025-05-17-at-12.48.50-1-370x493.jpeg 370w, https:\/\/eshop.cermandrevo.cz\/wp-content\/uploads\/2025\/05\/WhatsApp-Image-2025-05-17-at-12.48.50-1-840x1120.jpeg 840w, https:\/\/eshop.cermandrevo.cz\/wp-content\/uploads\/2025\/05\/WhatsApp-Image-2025-05-17-at-12.48.50-1-410x547.jpeg 410w, https:\/\/eshop.cermandrevo.cz\/wp-content\/uploads\/2025\/05\/WhatsApp-Image-2025-05-17-at-12.48.50-1.jpeg 1200w\" sizes=\"(max-width: 225px) 100vw, 225px\" \/> <img decoding=\"async\" class=\"alignnone size-medium wp-image-19169\" src=\"http:\/\/eshop.cermandrevo.cz\/wp-content\/uploads\/2025\/05\/WhatsApp-Image-2025-05-17-at-12.48.50-225x300.jpeg\" alt=\"\" width=\"225\" height=\"300\" srcset=\"https:\/\/eshop.cermandrevo.cz\/wp-content\/uploads\/2025\/05\/WhatsApp-Image-2025-05-17-at-12.48.50-225x300.jpeg 225w, https:\/\/eshop.cermandrevo.cz\/wp-content\/uploads\/2025\/05\/WhatsApp-Image-2025-05-17-at-12.48.50-600x800.jpeg 600w, https:\/\/eshop.cermandrevo.cz\/wp-content\/uploads\/2025\/05\/WhatsApp-Image-2025-05-17-at-12.48.50-768x1024.jpeg 768w, https:\/\/eshop.cermandrevo.cz\/wp-content\/uploads\/2025\/05\/WhatsApp-Image-2025-05-17-at-12.48.50-1152x1536.jpeg 1152w, https:\/\/eshop.cermandrevo.cz\/wp-content\/uploads\/2025\/05\/WhatsApp-Image-2025-05-17-at-12.48.50-370x493.jpeg 370w, https:\/\/eshop.cermandrevo.cz\/wp-content\/uploads\/2025\/05\/WhatsApp-Image-2025-05-17-at-12.48.50-840x1120.jpeg 840w, https:\/\/eshop.cermandrevo.cz\/wp-content\/uploads\/2025\/05\/WhatsApp-Image-2025-05-17-at-12.48.50-410x547.jpeg 410w, https:\/\/eshop.cermandrevo.cz\/wp-content\/uploads\/2025\/05\/WhatsApp-Image-2025-05-17-at-12.48.50.jpeg 1200w\" sizes=\"(max-width: 225px) 100vw, 225px\" \/> <img decoding=\"async\" class=\"alignnone size-medium wp-image-19170\" src=\"http:\/\/eshop.cermandrevo.cz\/wp-content\/uploads\/2025\/05\/WhatsApp-Image-2025-05-17-at-12.48.51-1-225x300.jpeg\" alt=\"\" width=\"225\" height=\"300\" srcset=\"https:\/\/eshop.cermandrevo.cz\/wp-content\/uploads\/2025\/05\/WhatsApp-Image-2025-05-17-at-12.48.51-1-225x300.jpeg 225w, https:\/\/eshop.cermandrevo.cz\/wp-content\/uploads\/2025\/05\/WhatsApp-Image-2025-05-17-at-12.48.51-1-600x800.jpeg 600w, https:\/\/eshop.cermandrevo.cz\/wp-content\/uploads\/2025\/05\/WhatsApp-Image-2025-05-17-at-12.48.51-1-768x1024.jpeg 768w, https:\/\/eshop.cermandrevo.cz\/wp-content\/uploads\/2025\/05\/WhatsApp-Image-2025-05-17-at-12.48.51-1-1152x1536.jpeg 1152w, https:\/\/eshop.cermandrevo.cz\/wp-content\/uploads\/2025\/05\/WhatsApp-Image-2025-05-17-at-12.48.51-1-370x493.jpeg 370w, https:\/\/eshop.cermandrevo.cz\/wp-content\/uploads\/2025\/05\/WhatsApp-Image-2025-05-17-at-12.48.51-1-840x1120.jpeg 840w, https:\/\/eshop.cermandrevo.cz\/wp-content\/uploads\/2025\/05\/WhatsApp-Image-2025-05-17-at-12.48.51-1-410x547.jpeg 410w, https:\/\/eshop.cermandrevo.cz\/wp-content\/uploads\/2025\/05\/WhatsApp-Image-2025-05-17-at-12.48.51-1.jpeg 1200w\" sizes=\"(max-width: 225px) 100vw, 225px\" \/> <img loading=\"lazy\" decoding=\"async\" class=\"alignnone size-medium wp-image-19171\" src=\"http:\/\/eshop.cermandrevo.cz\/wp-content\/uploads\/2025\/05\/WhatsApp-Image-2025-05-17-at-12.48.51-225x300.jpeg\" alt=\"\" width=\"225\" height=\"300\" srcset=\"https:\/\/eshop.cermandrevo.cz\/wp-content\/uploads\/2025\/05\/WhatsApp-Image-2025-05-17-at-12.48.51-225x300.jpeg 225w, https:\/\/eshop.cermandrevo.cz\/wp-content\/uploads\/2025\/05\/WhatsApp-Image-2025-05-17-at-12.48.51-600x800.jpeg 600w, https:\/\/eshop.cermandrevo.cz\/wp-content\/uploads\/2025\/05\/WhatsApp-Image-2025-05-17-at-12.48.51-768x1024.jpeg 768w, https:\/\/eshop.cermandrevo.cz\/wp-content\/uploads\/2025\/05\/WhatsApp-Image-2025-05-17-at-12.48.51-1152x1536.jpeg 1152w, https:\/\/eshop.cermandrevo.cz\/wp-content\/uploads\/2025\/05\/WhatsApp-Image-2025-05-17-at-12.48.51-370x493.jpeg 370w, https:\/\/eshop.cermandrevo.cz\/wp-content\/uploads\/2025\/05\/WhatsApp-Image-2025-05-17-at-12.48.51-840x1120.jpeg 840w, https:\/\/eshop.cermandrevo.cz\/wp-content\/uploads\/2025\/05\/WhatsApp-Image-2025-05-17-at-12.48.51-410x547.jpeg 410w, https:\/\/eshop.cermandrevo.cz\/wp-content\/uploads\/2025\/05\/WhatsApp-Image-2025-05-17-at-12.48.51.jpeg 1200w\" sizes=\"(max-width: 225px) 100vw, 225px\" \/><\/p>","protected":false},"featured_media":19169,"template":"","meta":[],"product_brand":[],"product_cat":[182],"product_tag":[196,197,195,194,193],"class_list":{"0":"post-19167","1":"product","2":"type-product","3":"status-publish","4":"has-post-thumbnail","6":"product_cat-vitriny","7":"product_tag-drevena","8":"product_tag-drevo","9":"product_tag-rustikalni","10":"product_tag-starozitna","11":"product_tag-vitrina","13":"first","14":"instock","15":"shipping-taxable","16":"purchasable","17":"product-type-simple"},"_links":{"self":[{"href":"https:\/\/eshop.cermandrevo.cz\/en\/wp-json\/wp\/v2\/product\/19167","targetHints":{"allow":["GET"]}}],"collection":[{"href":"https:\/\/eshop.cermandrevo.cz\/en\/wp-json\/wp\/v2\/product"}],"about":[{"href":"https:\/\/eshop.cermandrevo.cz\/en\/wp-json\/wp\/v2\/types\/product"}],"wp:featuredmedia":[{"embeddable":true,"href":"https:\/\/eshop.cermandrevo.cz\/en\/wp-json\/wp\/v2\/media\/19169"}],"wp:attachment":[{"href":"https:\/\/eshop.cermandrevo.cz\/en\/wp-json\/wp\/v2\/media?parent=19167"}],"wp:term":[{"taxonomy":"product_brand","embeddable":true,"href":"https:\/\/eshop.cermandrevo.cz\/en\/wp-json\/wp\/v2\/product_brand?post=19167"},{"taxonomy":"product_cat","embeddable":true,"href":"https:\/\/eshop.cermandrevo.cz\/en\/wp-json\/wp\/v2\/product_cat?post=19167"},{"taxonomy":"product_tag","embeddable":true,"href":"https:\/\/eshop.cermandrevo.cz\/en\/wp-json\/wp\/v2\/product_tag?post=19167"}],"curies":[{"name":"wp","href":"https:\/\/api.w.org\/{rel}","templated":true}]}}