{"id":19254,"date":"2025-07-31T14:32:20","date_gmt":"2025-07-31T14:32:20","guid":{"rendered":"https:\/\/eshop.cermandrevo.cz\/?post_type=product&#038;p=19254"},"modified":"2025-07-31T14:32:20","modified_gmt":"2025-07-31T14:32:20","slug":"komoda","status":"publish","type":"product","link":"https:\/\/eshop.cermandrevo.cz\/en\/product\/komoda\/","title":{"rendered":"komoda"},"content":{"rendered":"<p>Staro\u017eitn\u00e1 komoda po kompletn\u00ed renovaci<\/p>\n<p>Materi\u00e1l smrkov\u00e9 d\u0159evo<\/p>\n<p>Rozm\u011bry 90 x 105 x 60<\/p>\n<p>Povrchov\u00e1 \u00faprava barva &#8211; okr<\/p>\n<p>&nbsp;<\/p>","protected":false},"excerpt":{"rendered":"<p>Staro\u017eitn\u00e1 komoda po kompletn\u00ed renovaci Materi\u00e1l smrkov\u00e9 d\u0159evo Rozm\u011bry 90 x 105 x 60 Povrchov\u00e1 \u00faprava barva &#8211; okr &nbsp;<\/p>","protected":false},"featured_media":19255,"template":"","meta":[],"product_brand":[],"product_cat":[183],"product_tag":[],"class_list":{"0":"post-19254","1":"product","2":"type-product","3":"status-publish","4":"has-post-thumbnail","6":"product_cat-komody","7":"product_shipping_class-osobni-odber","9":"first","10":"instock","11":"shipping-taxable","12":"purchasable","13":"product-type-simple"},"_links":{"self":[{"href":"https:\/\/eshop.cermandrevo.cz\/en\/wp-json\/wp\/v2\/product\/19254","targetHints":{"allow":["GET"]}}],"collection":[{"href":"https:\/\/eshop.cermandrevo.cz\/en\/wp-json\/wp\/v2\/product"}],"about":[{"href":"https:\/\/eshop.cermandrevo.cz\/en\/wp-json\/wp\/v2\/types\/product"}],"wp:featuredmedia":[{"embeddable":true,"href":"https:\/\/eshop.cermandrevo.cz\/en\/wp-json\/wp\/v2\/media\/19255"}],"wp:attachment":[{"href":"https:\/\/eshop.cermandrevo.cz\/en\/wp-json\/wp\/v2\/media?parent=19254"}],"wp:term":[{"taxonomy":"product_brand","embeddable":true,"href":"https:\/\/eshop.cermandrevo.cz\/en\/wp-json\/wp\/v2\/product_brand?post=19254"},{"taxonomy":"product_cat","embeddable":true,"href":"https:\/\/eshop.cermandrevo.cz\/en\/wp-json\/wp\/v2\/product_cat?post=19254"},{"taxonomy":"product_tag","embeddable":true,"href":"https:\/\/eshop.cermandrevo.cz\/en\/wp-json\/wp\/v2\/product_tag?post=19254"}],"curies":[{"name":"wp","href":"https:\/\/api.w.org\/{rel}","templated":true}]}}