{"id":19401,"date":"2025-10-26T16:02:26","date_gmt":"2025-10-26T16:02:26","guid":{"rendered":"https:\/\/eshop.cermandrevo.cz\/?post_type=product&#038;p=19401"},"modified":"2025-10-26T16:06:05","modified_gmt":"2025-10-26T16:06:05","slug":"19401","status":"publish","type":"product","link":"https:\/\/eshop.cermandrevo.cz\/en\/product\/19401\/","title":{"rendered":"St\u016fl se \u0161upl\u00edkem"},"content":{"rendered":"<p>Staro\u017eitn\u00fd st\u016fl ze smrkov\u00e9ho masivu s jedn\u00edm \u0161upl\u00edkem.<\/p>","protected":false},"excerpt":{"rendered":"<p>Vrchn\u00ed deska stolu je o\u0161et\u0159ena lakem, odoln\u00fdm proti vod\u011b. Spodn\u00ed \u010d\u00e1st stolu je nat\u0159ena \u010dernou barvou s patinou.<\/p>","protected":false},"featured_media":19384,"template":"","meta":[],"product_brand":[],"product_cat":[185],"product_tag":[],"class_list":{"0":"post-19401","1":"product","2":"type-product","3":"status-publish","4":"has-post-thumbnail","6":"product_cat-stoly-a-zidle","8":"first","9":"instock","10":"shipping-taxable","11":"purchasable","12":"product-type-simple"},"_links":{"self":[{"href":"https:\/\/eshop.cermandrevo.cz\/en\/wp-json\/wp\/v2\/product\/19401","targetHints":{"allow":["GET"]}}],"collection":[{"href":"https:\/\/eshop.cermandrevo.cz\/en\/wp-json\/wp\/v2\/product"}],"about":[{"href":"https:\/\/eshop.cermandrevo.cz\/en\/wp-json\/wp\/v2\/types\/product"}],"wp:featuredmedia":[{"embeddable":true,"href":"https:\/\/eshop.cermandrevo.cz\/en\/wp-json\/wp\/v2\/media\/19384"}],"wp:attachment":[{"href":"https:\/\/eshop.cermandrevo.cz\/en\/wp-json\/wp\/v2\/media?parent=19401"}],"wp:term":[{"taxonomy":"product_brand","embeddable":true,"href":"https:\/\/eshop.cermandrevo.cz\/en\/wp-json\/wp\/v2\/product_brand?post=19401"},{"taxonomy":"product_cat","embeddable":true,"href":"https:\/\/eshop.cermandrevo.cz\/en\/wp-json\/wp\/v2\/product_cat?post=19401"},{"taxonomy":"product_tag","embeddable":true,"href":"https:\/\/eshop.cermandrevo.cz\/en\/wp-json\/wp\/v2\/product_tag?post=19401"}],"curies":[{"name":"wp","href":"https:\/\/api.w.org\/{rel}","templated":true}]}}