{"id":19404,"date":"2025-10-26T16:29:19","date_gmt":"2025-10-26T16:29:19","guid":{"rendered":"https:\/\/eshop.cermandrevo.cz\/?post_type=product&#038;p=19404"},"modified":"2025-10-26T16:29:27","modified_gmt":"2025-10-26T16:29:27","slug":"sklenik","status":"publish","type":"product","link":"https:\/\/eshop.cermandrevo.cz\/en\/product\/sklenik\/","title":{"rendered":"Sklen\u00edk"},"content":{"rendered":"<p><img fetchpriority=\"high\" decoding=\"async\" class=\"alignnone size-medium wp-image-19378\" src=\"https:\/\/eshop.cermandrevo.cz\/wp-content\/uploads\/2025\/10\/20251022_124038-225x300.jpg\" alt=\"\" width=\"225\" height=\"300\" srcset=\"https:\/\/eshop.cermandrevo.cz\/wp-content\/uploads\/2025\/10\/20251022_124038-225x300.jpg 225w, https:\/\/eshop.cermandrevo.cz\/wp-content\/uploads\/2025\/10\/20251022_124038-768x1024.jpg 768w, https:\/\/eshop.cermandrevo.cz\/wp-content\/uploads\/2025\/10\/20251022_124038-1152x1536.jpg 1152w, https:\/\/eshop.cermandrevo.cz\/wp-content\/uploads\/2025\/10\/20251022_124038-1536x2048.jpg 1536w, https:\/\/eshop.cermandrevo.cz\/wp-content\/uploads\/2025\/10\/20251022_124038-9x12.jpg 9w, https:\/\/eshop.cermandrevo.cz\/wp-content\/uploads\/2025\/10\/20251022_124038-370x493.jpg 370w, https:\/\/eshop.cermandrevo.cz\/wp-content\/uploads\/2025\/10\/20251022_124038-840x1120.jpg 840w, https:\/\/eshop.cermandrevo.cz\/wp-content\/uploads\/2025\/10\/20251022_124038-410x547.jpg 410w, https:\/\/eshop.cermandrevo.cz\/wp-content\/uploads\/2025\/10\/20251022_124038-600x800.jpg 600w, https:\/\/eshop.cermandrevo.cz\/wp-content\/uploads\/2025\/10\/20251022_124038-scaled.jpg 1920w\" sizes=\"(max-width: 225px) 100vw, 225px\" \/> <img decoding=\"async\" class=\"alignnone size-medium wp-image-19381\" src=\"https:\/\/eshop.cermandrevo.cz\/wp-content\/uploads\/2025\/10\/20251022_124109-225x300.jpg\" alt=\"\" width=\"225\" height=\"300\" srcset=\"https:\/\/eshop.cermandrevo.cz\/wp-content\/uploads\/2025\/10\/20251022_124109-225x300.jpg 225w, https:\/\/eshop.cermandrevo.cz\/wp-content\/uploads\/2025\/10\/20251022_124109-768x1024.jpg 768w, https:\/\/eshop.cermandrevo.cz\/wp-content\/uploads\/2025\/10\/20251022_124109-1152x1536.jpg 1152w, https:\/\/eshop.cermandrevo.cz\/wp-content\/uploads\/2025\/10\/20251022_124109-1536x2048.jpg 1536w, https:\/\/eshop.cermandrevo.cz\/wp-content\/uploads\/2025\/10\/20251022_124109-9x12.jpg 9w, https:\/\/eshop.cermandrevo.cz\/wp-content\/uploads\/2025\/10\/20251022_124109-370x493.jpg 370w, https:\/\/eshop.cermandrevo.cz\/wp-content\/uploads\/2025\/10\/20251022_124109-840x1120.jpg 840w, https:\/\/eshop.cermandrevo.cz\/wp-content\/uploads\/2025\/10\/20251022_124109-410x547.jpg 410w, https:\/\/eshop.cermandrevo.cz\/wp-content\/uploads\/2025\/10\/20251022_124109-600x800.jpg 600w, https:\/\/eshop.cermandrevo.cz\/wp-content\/uploads\/2025\/10\/20251022_124109-scaled.jpg 1920w\" sizes=\"(max-width: 225px) 100vw, 225px\" \/> <img decoding=\"async\" class=\"alignnone size-medium wp-image-19377\" src=\"https:\/\/eshop.cermandrevo.cz\/wp-content\/uploads\/2025\/10\/20251022_124033-225x300.jpg\" alt=\"\" width=\"225\" height=\"300\" srcset=\"https:\/\/eshop.cermandrevo.cz\/wp-content\/uploads\/2025\/10\/20251022_124033-225x300.jpg 225w, https:\/\/eshop.cermandrevo.cz\/wp-content\/uploads\/2025\/10\/20251022_124033-768x1024.jpg 768w, https:\/\/eshop.cermandrevo.cz\/wp-content\/uploads\/2025\/10\/20251022_124033-1152x1536.jpg 1152w, https:\/\/eshop.cermandrevo.cz\/wp-content\/uploads\/2025\/10\/20251022_124033-1536x2048.jpg 1536w, https:\/\/eshop.cermandrevo.cz\/wp-content\/uploads\/2025\/10\/20251022_124033-9x12.jpg 9w, https:\/\/eshop.cermandrevo.cz\/wp-content\/uploads\/2025\/10\/20251022_124033-370x493.jpg 370w, https:\/\/eshop.cermandrevo.cz\/wp-content\/uploads\/2025\/10\/20251022_124033-840x1120.jpg 840w, https:\/\/eshop.cermandrevo.cz\/wp-content\/uploads\/2025\/10\/20251022_124033-410x547.jpg 410w, https:\/\/eshop.cermandrevo.cz\/wp-content\/uploads\/2025\/10\/20251022_124033-600x800.jpg 600w, https:\/\/eshop.cermandrevo.cz\/wp-content\/uploads\/2025\/10\/20251022_124033-scaled.jpg 1920w\" sizes=\"(max-width: 225px) 100vw, 225px\" \/> <img loading=\"lazy\" decoding=\"async\" class=\"alignnone size-medium wp-image-19379\" src=\"https:\/\/eshop.cermandrevo.cz\/wp-content\/uploads\/2025\/10\/20251022_124056-225x300.jpg\" alt=\"\" width=\"225\" height=\"300\" srcset=\"https:\/\/eshop.cermandrevo.cz\/wp-content\/uploads\/2025\/10\/20251022_124056-225x300.jpg 225w, https:\/\/eshop.cermandrevo.cz\/wp-content\/uploads\/2025\/10\/20251022_124056-768x1024.jpg 768w, https:\/\/eshop.cermandrevo.cz\/wp-content\/uploads\/2025\/10\/20251022_124056-1152x1536.jpg 1152w, https:\/\/eshop.cermandrevo.cz\/wp-content\/uploads\/2025\/10\/20251022_124056-1536x2048.jpg 1536w, https:\/\/eshop.cermandrevo.cz\/wp-content\/uploads\/2025\/10\/20251022_124056-9x12.jpg 9w, https:\/\/eshop.cermandrevo.cz\/wp-content\/uploads\/2025\/10\/20251022_124056-370x493.jpg 370w, https:\/\/eshop.cermandrevo.cz\/wp-content\/uploads\/2025\/10\/20251022_124056-840x1120.jpg 840w, https:\/\/eshop.cermandrevo.cz\/wp-content\/uploads\/2025\/10\/20251022_124056-410x547.jpg 410w, https:\/\/eshop.cermandrevo.cz\/wp-content\/uploads\/2025\/10\/20251022_124056-600x800.jpg 600w, https:\/\/eshop.cermandrevo.cz\/wp-content\/uploads\/2025\/10\/20251022_124056-scaled.jpg 1920w\" sizes=\"(max-width: 225px) 100vw, 225px\" \/><\/p>","protected":false},"excerpt":{"rendered":"<p>Staro\u017eitn\u00fd sklen\u00edk ze smrkov\u00e9ho masivu. Povrchov\u00e1 \u00faprava sv\u011btl\u00e1 &#8211; okrov\u00e1 barva v patinou.<\/p>","protected":false},"featured_media":19380,"template":"","meta":[],"product_brand":[],"product_cat":[182],"product_tag":[],"class_list":{"0":"post-19404","1":"product","2":"type-product","3":"status-publish","4":"has-post-thumbnail","6":"product_cat-vitriny","8":"first","9":"instock","10":"shipping-taxable","11":"purchasable","12":"product-type-simple"},"_links":{"self":[{"href":"https:\/\/eshop.cermandrevo.cz\/en\/wp-json\/wp\/v2\/product\/19404","targetHints":{"allow":["GET"]}}],"collection":[{"href":"https:\/\/eshop.cermandrevo.cz\/en\/wp-json\/wp\/v2\/product"}],"about":[{"href":"https:\/\/eshop.cermandrevo.cz\/en\/wp-json\/wp\/v2\/types\/product"}],"wp:featuredmedia":[{"embeddable":true,"href":"https:\/\/eshop.cermandrevo.cz\/en\/wp-json\/wp\/v2\/media\/19380"}],"wp:attachment":[{"href":"https:\/\/eshop.cermandrevo.cz\/en\/wp-json\/wp\/v2\/media?parent=19404"}],"wp:term":[{"taxonomy":"product_brand","embeddable":true,"href":"https:\/\/eshop.cermandrevo.cz\/en\/wp-json\/wp\/v2\/product_brand?post=19404"},{"taxonomy":"product_cat","embeddable":true,"href":"https:\/\/eshop.cermandrevo.cz\/en\/wp-json\/wp\/v2\/product_cat?post=19404"},{"taxonomy":"product_tag","embeddable":true,"href":"https:\/\/eshop.cermandrevo.cz\/en\/wp-json\/wp\/v2\/product_tag?post=19404"}],"curies":[{"name":"wp","href":"https:\/\/api.w.org\/{rel}","templated":true}]}}