{"id":19457,"date":"2025-10-27T12:15:09","date_gmt":"2025-10-27T12:15:09","guid":{"rendered":"https:\/\/eshop.cermandrevo.cz\/?post_type=product&#038;p=19457"},"modified":"2025-10-27T12:16:38","modified_gmt":"2025-10-27T12:16:38","slug":"satni-skrin-policova","status":"publish","type":"product","link":"https:\/\/eshop.cermandrevo.cz\/en\/product\/satni-skrin-policova\/","title":{"rendered":"\u0160atn\u00ed sk\u0159\u00ed\u0148 policov\u00e1"},"content":{"rendered":"<p><img fetchpriority=\"high\" decoding=\"async\" class=\"alignnone size-medium wp-image-19429\" src=\"https:\/\/eshop.cermandrevo.cz\/wp-content\/uploads\/2025\/10\/20250212_102538-1-225x300.jpg\" alt=\"\" width=\"225\" height=\"300\" srcset=\"https:\/\/eshop.cermandrevo.cz\/wp-content\/uploads\/2025\/10\/20250212_102538-1-225x300.jpg 225w, https:\/\/eshop.cermandrevo.cz\/wp-content\/uploads\/2025\/10\/20250212_102538-1-768x1024.jpg 768w, https:\/\/eshop.cermandrevo.cz\/wp-content\/uploads\/2025\/10\/20250212_102538-1-1152x1536.jpg 1152w, https:\/\/eshop.cermandrevo.cz\/wp-content\/uploads\/2025\/10\/20250212_102538-1-1536x2048.jpg 1536w, https:\/\/eshop.cermandrevo.cz\/wp-content\/uploads\/2025\/10\/20250212_102538-1-9x12.jpg 9w, https:\/\/eshop.cermandrevo.cz\/wp-content\/uploads\/2025\/10\/20250212_102538-1-370x493.jpg 370w, https:\/\/eshop.cermandrevo.cz\/wp-content\/uploads\/2025\/10\/20250212_102538-1-840x1120.jpg 840w, https:\/\/eshop.cermandrevo.cz\/wp-content\/uploads\/2025\/10\/20250212_102538-1-410x547.jpg 410w, https:\/\/eshop.cermandrevo.cz\/wp-content\/uploads\/2025\/10\/20250212_102538-1-600x800.jpg 600w, https:\/\/eshop.cermandrevo.cz\/wp-content\/uploads\/2025\/10\/20250212_102538-1-scaled.jpg 1920w\" sizes=\"(max-width: 225px) 100vw, 225px\" \/> <img decoding=\"async\" class=\"alignnone size-medium wp-image-19431\" src=\"https:\/\/eshop.cermandrevo.cz\/wp-content\/uploads\/2025\/10\/20250212_102708-1-225x300.jpg\" alt=\"\" width=\"225\" height=\"300\" srcset=\"https:\/\/eshop.cermandrevo.cz\/wp-content\/uploads\/2025\/10\/20250212_102708-1-225x300.jpg 225w, https:\/\/eshop.cermandrevo.cz\/wp-content\/uploads\/2025\/10\/20250212_102708-1-768x1024.jpg 768w, https:\/\/eshop.cermandrevo.cz\/wp-content\/uploads\/2025\/10\/20250212_102708-1-1152x1536.jpg 1152w, https:\/\/eshop.cermandrevo.cz\/wp-content\/uploads\/2025\/10\/20250212_102708-1-1536x2048.jpg 1536w, https:\/\/eshop.cermandrevo.cz\/wp-content\/uploads\/2025\/10\/20250212_102708-1-9x12.jpg 9w, https:\/\/eshop.cermandrevo.cz\/wp-content\/uploads\/2025\/10\/20250212_102708-1-370x493.jpg 370w, https:\/\/eshop.cermandrevo.cz\/wp-content\/uploads\/2025\/10\/20250212_102708-1-840x1120.jpg 840w, https:\/\/eshop.cermandrevo.cz\/wp-content\/uploads\/2025\/10\/20250212_102708-1-410x547.jpg 410w, https:\/\/eshop.cermandrevo.cz\/wp-content\/uploads\/2025\/10\/20250212_102708-1-600x800.jpg 600w, https:\/\/eshop.cermandrevo.cz\/wp-content\/uploads\/2025\/10\/20250212_102708-1-scaled.jpg 1920w\" sizes=\"(max-width: 225px) 100vw, 225px\" \/><img decoding=\"async\" class=\"alignnone size-medium wp-image-19431\" src=\"https:\/\/eshop.cermandrevo.cz\/wp-content\/uploads\/2025\/10\/20250212_102708-1-225x300.jpg\" alt=\"\" width=\"225\" height=\"300\" srcset=\"https:\/\/eshop.cermandrevo.cz\/wp-content\/uploads\/2025\/10\/20250212_102708-1-225x300.jpg 225w, https:\/\/eshop.cermandrevo.cz\/wp-content\/uploads\/2025\/10\/20250212_102708-1-768x1024.jpg 768w, https:\/\/eshop.cermandrevo.cz\/wp-content\/uploads\/2025\/10\/20250212_102708-1-1152x1536.jpg 1152w, https:\/\/eshop.cermandrevo.cz\/wp-content\/uploads\/2025\/10\/20250212_102708-1-1536x2048.jpg 1536w, https:\/\/eshop.cermandrevo.cz\/wp-content\/uploads\/2025\/10\/20250212_102708-1-9x12.jpg 9w, https:\/\/eshop.cermandrevo.cz\/wp-content\/uploads\/2025\/10\/20250212_102708-1-370x493.jpg 370w, https:\/\/eshop.cermandrevo.cz\/wp-content\/uploads\/2025\/10\/20250212_102708-1-840x1120.jpg 840w, https:\/\/eshop.cermandrevo.cz\/wp-content\/uploads\/2025\/10\/20250212_102708-1-410x547.jpg 410w, https:\/\/eshop.cermandrevo.cz\/wp-content\/uploads\/2025\/10\/20250212_102708-1-600x800.jpg 600w, https:\/\/eshop.cermandrevo.cz\/wp-content\/uploads\/2025\/10\/20250212_102708-1-scaled.jpg 1920w\" sizes=\"(max-width: 225px) 100vw, 225px\" \/> <img fetchpriority=\"high\" decoding=\"async\" class=\"alignnone size-medium wp-image-19429\" src=\"https:\/\/eshop.cermandrevo.cz\/wp-content\/uploads\/2025\/10\/20250212_102538-1-225x300.jpg\" alt=\"\" width=\"225\" height=\"300\" srcset=\"https:\/\/eshop.cermandrevo.cz\/wp-content\/uploads\/2025\/10\/20250212_102538-1-225x300.jpg 225w, https:\/\/eshop.cermandrevo.cz\/wp-content\/uploads\/2025\/10\/20250212_102538-1-768x1024.jpg 768w, https:\/\/eshop.cermandrevo.cz\/wp-content\/uploads\/2025\/10\/20250212_102538-1-1152x1536.jpg 1152w, https:\/\/eshop.cermandrevo.cz\/wp-content\/uploads\/2025\/10\/20250212_102538-1-1536x2048.jpg 1536w, https:\/\/eshop.cermandrevo.cz\/wp-content\/uploads\/2025\/10\/20250212_102538-1-9x12.jpg 9w, https:\/\/eshop.cermandrevo.cz\/wp-content\/uploads\/2025\/10\/20250212_102538-1-370x493.jpg 370w, https:\/\/eshop.cermandrevo.cz\/wp-content\/uploads\/2025\/10\/20250212_102538-1-840x1120.jpg 840w, https:\/\/eshop.cermandrevo.cz\/wp-content\/uploads\/2025\/10\/20250212_102538-1-410x547.jpg 410w, https:\/\/eshop.cermandrevo.cz\/wp-content\/uploads\/2025\/10\/20250212_102538-1-600x800.jpg 600w, https:\/\/eshop.cermandrevo.cz\/wp-content\/uploads\/2025\/10\/20250212_102538-1-scaled.jpg 1920w\" sizes=\"(max-width: 225px) 100vw, 225px\" \/><\/p>","protected":false},"excerpt":{"rendered":"<p>Sk\u0159\u00ed\u0148 je ze smrkov\u00e9ho masivu &#8211; staro\u017eitn\u00e1. Uvnit\u0159 jsou 4 police. Povrchov\u00e1 \u00faprava sk\u0159\u00edn\u011b je barva &#8211; sv\u011btle \u0161ed\u00e1 s patinou a zafixovan\u00e1 lakem.<\/p>","protected":false},"featured_media":19430,"template":"","meta":[],"product_brand":[],"product_cat":[72,181],"product_tag":[],"class_list":{"0":"post-19457","1":"product","2":"type-product","3":"status-publish","4":"has-post-thumbnail","6":"product_cat-uncategorized","7":"product_cat-skrine","9":"first","10":"instock","11":"shipping-taxable","12":"purchasable","13":"product-type-simple"},"_links":{"self":[{"href":"https:\/\/eshop.cermandrevo.cz\/en\/wp-json\/wp\/v2\/product\/19457","targetHints":{"allow":["GET"]}}],"collection":[{"href":"https:\/\/eshop.cermandrevo.cz\/en\/wp-json\/wp\/v2\/product"}],"about":[{"href":"https:\/\/eshop.cermandrevo.cz\/en\/wp-json\/wp\/v2\/types\/product"}],"wp:featuredmedia":[{"embeddable":true,"href":"https:\/\/eshop.cermandrevo.cz\/en\/wp-json\/wp\/v2\/media\/19430"}],"wp:attachment":[{"href":"https:\/\/eshop.cermandrevo.cz\/en\/wp-json\/wp\/v2\/media?parent=19457"}],"wp:term":[{"taxonomy":"product_brand","embeddable":true,"href":"https:\/\/eshop.cermandrevo.cz\/en\/wp-json\/wp\/v2\/product_brand?post=19457"},{"taxonomy":"product_cat","embeddable":true,"href":"https:\/\/eshop.cermandrevo.cz\/en\/wp-json\/wp\/v2\/product_cat?post=19457"},{"taxonomy":"product_tag","embeddable":true,"href":"https:\/\/eshop.cermandrevo.cz\/en\/wp-json\/wp\/v2\/product_tag?post=19457"}],"curies":[{"name":"wp","href":"https:\/\/api.w.org\/{rel}","templated":true}]}}