{"id":19460,"date":"2025-10-27T12:24:26","date_gmt":"2025-10-27T12:24:26","guid":{"rendered":"https:\/\/eshop.cermandrevo.cz\/?post_type=product&#038;p=19460"},"modified":"2025-10-27T12:24:31","modified_gmt":"2025-10-27T12:24:31","slug":"19460","status":"publish","type":"product","link":"https:\/\/eshop.cermandrevo.cz\/en\/product\/19460\/","title":{"rendered":""},"content":{"rendered":"<p><img fetchpriority=\"high\" decoding=\"async\" class=\"alignnone size-medium wp-image-19442\" src=\"https:\/\/eshop.cermandrevo.cz\/wp-content\/uploads\/2025\/10\/20250425_141832-225x300.jpg\" alt=\"\" width=\"225\" height=\"300\" srcset=\"https:\/\/eshop.cermandrevo.cz\/wp-content\/uploads\/2025\/10\/20250425_141832-225x300.jpg 225w, https:\/\/eshop.cermandrevo.cz\/wp-content\/uploads\/2025\/10\/20250425_141832-768x1024.jpg 768w, https:\/\/eshop.cermandrevo.cz\/wp-content\/uploads\/2025\/10\/20250425_141832-1152x1536.jpg 1152w, https:\/\/eshop.cermandrevo.cz\/wp-content\/uploads\/2025\/10\/20250425_141832-1536x2048.jpg 1536w, https:\/\/eshop.cermandrevo.cz\/wp-content\/uploads\/2025\/10\/20250425_141832-9x12.jpg 9w, https:\/\/eshop.cermandrevo.cz\/wp-content\/uploads\/2025\/10\/20250425_141832-370x493.jpg 370w, https:\/\/eshop.cermandrevo.cz\/wp-content\/uploads\/2025\/10\/20250425_141832-840x1120.jpg 840w, https:\/\/eshop.cermandrevo.cz\/wp-content\/uploads\/2025\/10\/20250425_141832-410x547.jpg 410w, https:\/\/eshop.cermandrevo.cz\/wp-content\/uploads\/2025\/10\/20250425_141832-600x800.jpg 600w, https:\/\/eshop.cermandrevo.cz\/wp-content\/uploads\/2025\/10\/20250425_141832-scaled.jpg 1920w\" sizes=\"(max-width: 225px) 100vw, 225px\" \/> <img decoding=\"async\" class=\"alignnone size-medium wp-image-19443\" src=\"https:\/\/eshop.cermandrevo.cz\/wp-content\/uploads\/2025\/10\/20250425_142326-225x300.jpg\" alt=\"\" width=\"225\" height=\"300\" srcset=\"https:\/\/eshop.cermandrevo.cz\/wp-content\/uploads\/2025\/10\/20250425_142326-225x300.jpg 225w, https:\/\/eshop.cermandrevo.cz\/wp-content\/uploads\/2025\/10\/20250425_142326-768x1024.jpg 768w, https:\/\/eshop.cermandrevo.cz\/wp-content\/uploads\/2025\/10\/20250425_142326-1152x1536.jpg 1152w, https:\/\/eshop.cermandrevo.cz\/wp-content\/uploads\/2025\/10\/20250425_142326-1536x2048.jpg 1536w, https:\/\/eshop.cermandrevo.cz\/wp-content\/uploads\/2025\/10\/20250425_142326-9x12.jpg 9w, https:\/\/eshop.cermandrevo.cz\/wp-content\/uploads\/2025\/10\/20250425_142326-370x493.jpg 370w, https:\/\/eshop.cermandrevo.cz\/wp-content\/uploads\/2025\/10\/20250425_142326-840x1120.jpg 840w, https:\/\/eshop.cermandrevo.cz\/wp-content\/uploads\/2025\/10\/20250425_142326-410x547.jpg 410w, https:\/\/eshop.cermandrevo.cz\/wp-content\/uploads\/2025\/10\/20250425_142326-600x800.jpg 600w, https:\/\/eshop.cermandrevo.cz\/wp-content\/uploads\/2025\/10\/20250425_142326-scaled.jpg 1920w\" sizes=\"(max-width: 225px) 100vw, 225px\" \/><\/p>","protected":false},"excerpt":{"rendered":"<p>Staro\u017eitn\u00e1 vitr\u00edna ze smrkov\u00e9ho masivu se 3 policemi. Povrch je voskov\u00e1n.<\/p>","protected":false},"featured_media":19441,"template":"","meta":[],"product_brand":[],"product_cat":[182],"product_tag":[],"class_list":{"0":"post-19460","1":"product","2":"type-product","3":"status-publish","4":"has-post-thumbnail","6":"product_cat-vitriny","8":"first","9":"instock","10":"shipping-taxable","11":"purchasable","12":"product-type-simple"},"_links":{"self":[{"href":"https:\/\/eshop.cermandrevo.cz\/en\/wp-json\/wp\/v2\/product\/19460","targetHints":{"allow":["GET"]}}],"collection":[{"href":"https:\/\/eshop.cermandrevo.cz\/en\/wp-json\/wp\/v2\/product"}],"about":[{"href":"https:\/\/eshop.cermandrevo.cz\/en\/wp-json\/wp\/v2\/types\/product"}],"wp:featuredmedia":[{"embeddable":true,"href":"https:\/\/eshop.cermandrevo.cz\/en\/wp-json\/wp\/v2\/media\/19441"}],"wp:attachment":[{"href":"https:\/\/eshop.cermandrevo.cz\/en\/wp-json\/wp\/v2\/media?parent=19460"}],"wp:term":[{"taxonomy":"product_brand","embeddable":true,"href":"https:\/\/eshop.cermandrevo.cz\/en\/wp-json\/wp\/v2\/product_brand?post=19460"},{"taxonomy":"product_cat","embeddable":true,"href":"https:\/\/eshop.cermandrevo.cz\/en\/wp-json\/wp\/v2\/product_cat?post=19460"},{"taxonomy":"product_tag","embeddable":true,"href":"https:\/\/eshop.cermandrevo.cz\/en\/wp-json\/wp\/v2\/product_tag?post=19460"}],"curies":[{"name":"wp","href":"https:\/\/api.w.org\/{rel}","templated":true}]}}