{"id":19465,"date":"2025-10-27T12:59:41","date_gmt":"2025-10-27T12:59:41","guid":{"rendered":"https:\/\/eshop.cermandrevo.cz\/?post_type=product&#038;p=19465"},"modified":"2025-10-27T12:59:48","modified_gmt":"2025-10-27T12:59:48","slug":"stolek","status":"publish","type":"product","link":"https:\/\/eshop.cermandrevo.cz\/en\/product\/stolek\/","title":{"rendered":"Stolek"},"content":{"rendered":"<p><img fetchpriority=\"high\" decoding=\"async\" class=\"alignnone size-medium wp-image-19451\" src=\"https:\/\/eshop.cermandrevo.cz\/wp-content\/uploads\/2025\/10\/20250923_091313-225x300.jpg\" alt=\"\" width=\"225\" height=\"300\" srcset=\"https:\/\/eshop.cermandrevo.cz\/wp-content\/uploads\/2025\/10\/20250923_091313-225x300.jpg 225w, https:\/\/eshop.cermandrevo.cz\/wp-content\/uploads\/2025\/10\/20250923_091313-768x1024.jpg 768w, https:\/\/eshop.cermandrevo.cz\/wp-content\/uploads\/2025\/10\/20250923_091313-1152x1536.jpg 1152w, https:\/\/eshop.cermandrevo.cz\/wp-content\/uploads\/2025\/10\/20250923_091313-1536x2048.jpg 1536w, https:\/\/eshop.cermandrevo.cz\/wp-content\/uploads\/2025\/10\/20250923_091313-9x12.jpg 9w, https:\/\/eshop.cermandrevo.cz\/wp-content\/uploads\/2025\/10\/20250923_091313-370x493.jpg 370w, https:\/\/eshop.cermandrevo.cz\/wp-content\/uploads\/2025\/10\/20250923_091313-840x1120.jpg 840w, https:\/\/eshop.cermandrevo.cz\/wp-content\/uploads\/2025\/10\/20250923_091313-410x547.jpg 410w, https:\/\/eshop.cermandrevo.cz\/wp-content\/uploads\/2025\/10\/20250923_091313-600x800.jpg 600w, https:\/\/eshop.cermandrevo.cz\/wp-content\/uploads\/2025\/10\/20250923_091313-scaled.jpg 1920w\" sizes=\"(max-width: 225px) 100vw, 225px\" \/><\/p>","protected":false},"excerpt":{"rendered":"<p>Kr\u00e1sn\u00fd stolek s dv\u00ed\u0159ky a \u0161upl\u00edkem, je ze smrkov\u00e9ho masivu. Povrch je antik vosk.<\/p>","protected":false},"featured_media":19450,"template":"","meta":[],"product_brand":[],"product_cat":[187],"product_tag":[],"class_list":{"0":"post-19465","1":"product","2":"type-product","3":"status-publish","4":"has-post-thumbnail","6":"product_cat-stoly-a-stolky","8":"first","9":"instock","10":"shipping-taxable","11":"purchasable","12":"product-type-simple"},"_links":{"self":[{"href":"https:\/\/eshop.cermandrevo.cz\/en\/wp-json\/wp\/v2\/product\/19465","targetHints":{"allow":["GET"]}}],"collection":[{"href":"https:\/\/eshop.cermandrevo.cz\/en\/wp-json\/wp\/v2\/product"}],"about":[{"href":"https:\/\/eshop.cermandrevo.cz\/en\/wp-json\/wp\/v2\/types\/product"}],"wp:featuredmedia":[{"embeddable":true,"href":"https:\/\/eshop.cermandrevo.cz\/en\/wp-json\/wp\/v2\/media\/19450"}],"wp:attachment":[{"href":"https:\/\/eshop.cermandrevo.cz\/en\/wp-json\/wp\/v2\/media?parent=19465"}],"wp:term":[{"taxonomy":"product_brand","embeddable":true,"href":"https:\/\/eshop.cermandrevo.cz\/en\/wp-json\/wp\/v2\/product_brand?post=19465"},{"taxonomy":"product_cat","embeddable":true,"href":"https:\/\/eshop.cermandrevo.cz\/en\/wp-json\/wp\/v2\/product_cat?post=19465"},{"taxonomy":"product_tag","embeddable":true,"href":"https:\/\/eshop.cermandrevo.cz\/en\/wp-json\/wp\/v2\/product_tag?post=19465"}],"curies":[{"name":"wp","href":"https:\/\/api.w.org\/{rel}","templated":true}]}}