{"id":19471,"date":"2025-10-27T13:45:19","date_gmt":"2025-10-27T13:45:19","guid":{"rendered":"https:\/\/eshop.cermandrevo.cz\/?post_type=product&#038;p=19471"},"modified":"2025-10-27T13:45:22","modified_gmt":"2025-10-27T13:45:22","slug":"lavice-s-uloznym-prostorem","status":"publish","type":"product","link":"https:\/\/eshop.cermandrevo.cz\/en\/product\/lavice-s-uloznym-prostorem\/","title":{"rendered":"Lavice s \u00falo\u017en\u00fdm prostorem"},"content":{"rendered":"<p><img fetchpriority=\"high\" decoding=\"async\" class=\"alignnone size-medium wp-image-19456\" src=\"https:\/\/eshop.cermandrevo.cz\/wp-content\/uploads\/2025\/10\/20251022_123751-300x225.jpg\" alt=\"\" width=\"300\" height=\"225\" srcset=\"https:\/\/eshop.cermandrevo.cz\/wp-content\/uploads\/2025\/10\/20251022_123751-300x225.jpg 300w, https:\/\/eshop.cermandrevo.cz\/wp-content\/uploads\/2025\/10\/20251022_123751-1024x768.jpg 1024w, https:\/\/eshop.cermandrevo.cz\/wp-content\/uploads\/2025\/10\/20251022_123751-768x576.jpg 768w, https:\/\/eshop.cermandrevo.cz\/wp-content\/uploads\/2025\/10\/20251022_123751-1536x1152.jpg 1536w, https:\/\/eshop.cermandrevo.cz\/wp-content\/uploads\/2025\/10\/20251022_123751-2048x1536.jpg 2048w, https:\/\/eshop.cermandrevo.cz\/wp-content\/uploads\/2025\/10\/20251022_123751-16x12.jpg 16w, https:\/\/eshop.cermandrevo.cz\/wp-content\/uploads\/2025\/10\/20251022_123751-370x278.jpg 370w, https:\/\/eshop.cermandrevo.cz\/wp-content\/uploads\/2025\/10\/20251022_123751-840x630.jpg 840w, https:\/\/eshop.cermandrevo.cz\/wp-content\/uploads\/2025\/10\/20251022_123751-410x308.jpg 410w, https:\/\/eshop.cermandrevo.cz\/wp-content\/uploads\/2025\/10\/20251022_123751-890x664.jpg 890w, https:\/\/eshop.cermandrevo.cz\/wp-content\/uploads\/2025\/10\/20251022_123751-600x450.jpg 600w\" sizes=\"(max-width: 300px) 100vw, 300px\" \/><\/p>","protected":false},"excerpt":{"rendered":"<p>Replika lavice\u00a0 s \u00falo\u017en\u00fdm prostorem, ze smrkov\u00e9ho masivu, je voskovan\u00e1. Hod\u00ed se pouze pro vnit\u0159n\u00ed prostory. Povrch je voskovan\u00fd.<\/p>\n<p>Rozm\u011br : 160 x 92 x 40 cm<\/p>","protected":false},"featured_media":19455,"template":"","meta":[],"product_brand":[],"product_cat":[186],"product_tag":[],"class_list":{"0":"post-19471","1":"product","2":"type-product","3":"status-publish","4":"has-post-thumbnail","6":"product_cat-lavice","8":"first","9":"instock","10":"shipping-taxable","11":"purchasable","12":"product-type-simple"},"_links":{"self":[{"href":"https:\/\/eshop.cermandrevo.cz\/en\/wp-json\/wp\/v2\/product\/19471","targetHints":{"allow":["GET"]}}],"collection":[{"href":"https:\/\/eshop.cermandrevo.cz\/en\/wp-json\/wp\/v2\/product"}],"about":[{"href":"https:\/\/eshop.cermandrevo.cz\/en\/wp-json\/wp\/v2\/types\/product"}],"wp:featuredmedia":[{"embeddable":true,"href":"https:\/\/eshop.cermandrevo.cz\/en\/wp-json\/wp\/v2\/media\/19455"}],"wp:attachment":[{"href":"https:\/\/eshop.cermandrevo.cz\/en\/wp-json\/wp\/v2\/media?parent=19471"}],"wp:term":[{"taxonomy":"product_brand","embeddable":true,"href":"https:\/\/eshop.cermandrevo.cz\/en\/wp-json\/wp\/v2\/product_brand?post=19471"},{"taxonomy":"product_cat","embeddable":true,"href":"https:\/\/eshop.cermandrevo.cz\/en\/wp-json\/wp\/v2\/product_cat?post=19471"},{"taxonomy":"product_tag","embeddable":true,"href":"https:\/\/eshop.cermandrevo.cz\/en\/wp-json\/wp\/v2\/product_tag?post=19471"}],"curies":[{"name":"wp","href":"https:\/\/api.w.org\/{rel}","templated":true}]}}