{"id":19473,"date":"2025-10-27T14:01:23","date_gmt":"2025-10-27T14:01:23","guid":{"rendered":"https:\/\/eshop.cermandrevo.cz\/?post_type=product&#038;p=19473"},"modified":"2025-10-27T14:01:27","modified_gmt":"2025-10-27T14:01:27","slug":"truhla","status":"publish","type":"product","link":"https:\/\/eshop.cermandrevo.cz\/en\/product\/truhla\/","title":{"rendered":"Truhla"},"content":{"rendered":"<p><img fetchpriority=\"high\" decoding=\"async\" class=\"alignnone size-medium wp-image-19343\" src=\"https:\/\/eshop.cermandrevo.cz\/wp-content\/uploads\/2025\/10\/20250623_083828-300x225.jpg\" alt=\"\" width=\"300\" height=\"225\" srcset=\"https:\/\/eshop.cermandrevo.cz\/wp-content\/uploads\/2025\/10\/20250623_083828-300x225.jpg 300w, https:\/\/eshop.cermandrevo.cz\/wp-content\/uploads\/2025\/10\/20250623_083828-1024x768.jpg 1024w, https:\/\/eshop.cermandrevo.cz\/wp-content\/uploads\/2025\/10\/20250623_083828-768x576.jpg 768w, https:\/\/eshop.cermandrevo.cz\/wp-content\/uploads\/2025\/10\/20250623_083828-1536x1152.jpg 1536w, https:\/\/eshop.cermandrevo.cz\/wp-content\/uploads\/2025\/10\/20250623_083828-2048x1536.jpg 2048w, https:\/\/eshop.cermandrevo.cz\/wp-content\/uploads\/2025\/10\/20250623_083828-16x12.jpg 16w, https:\/\/eshop.cermandrevo.cz\/wp-content\/uploads\/2025\/10\/20250623_083828-370x278.jpg 370w, https:\/\/eshop.cermandrevo.cz\/wp-content\/uploads\/2025\/10\/20250623_083828-840x630.jpg 840w, https:\/\/eshop.cermandrevo.cz\/wp-content\/uploads\/2025\/10\/20250623_083828-410x308.jpg 410w, https:\/\/eshop.cermandrevo.cz\/wp-content\/uploads\/2025\/10\/20250623_083828-890x664.jpg 890w, https:\/\/eshop.cermandrevo.cz\/wp-content\/uploads\/2025\/10\/20250623_083828-600x450.jpg 600w\" sizes=\"(max-width: 300px) 100vw, 300px\" \/><\/p>","protected":false},"excerpt":{"rendered":"<p>Tato truhla z roku 1850, je ze smrkov\u00e9ho masivu, povrch voskovan\u00fd. Sou\u010d\u00e1st\u00ed truhly je i p\u016fvodn\u00ed barokn\u00ed z\u00e1mek s kl\u00ed\u010dem, kter\u00fd je pln\u011b funk\u010dn\u00ed.<\/p>","protected":false},"featured_media":19342,"template":"","meta":[],"product_brand":[],"product_cat":[190],"product_tag":[],"class_list":{"0":"post-19473","1":"product","2":"type-product","3":"status-publish","4":"has-post-thumbnail","6":"product_cat-truhly-a-kufry","8":"first","9":"instock","10":"shipping-taxable","11":"purchasable","12":"product-type-simple"},"_links":{"self":[{"href":"https:\/\/eshop.cermandrevo.cz\/en\/wp-json\/wp\/v2\/product\/19473","targetHints":{"allow":["GET"]}}],"collection":[{"href":"https:\/\/eshop.cermandrevo.cz\/en\/wp-json\/wp\/v2\/product"}],"about":[{"href":"https:\/\/eshop.cermandrevo.cz\/en\/wp-json\/wp\/v2\/types\/product"}],"wp:featuredmedia":[{"embeddable":true,"href":"https:\/\/eshop.cermandrevo.cz\/en\/wp-json\/wp\/v2\/media\/19342"}],"wp:attachment":[{"href":"https:\/\/eshop.cermandrevo.cz\/en\/wp-json\/wp\/v2\/media?parent=19473"}],"wp:term":[{"taxonomy":"product_brand","embeddable":true,"href":"https:\/\/eshop.cermandrevo.cz\/en\/wp-json\/wp\/v2\/product_brand?post=19473"},{"taxonomy":"product_cat","embeddable":true,"href":"https:\/\/eshop.cermandrevo.cz\/en\/wp-json\/wp\/v2\/product_cat?post=19473"},{"taxonomy":"product_tag","embeddable":true,"href":"https:\/\/eshop.cermandrevo.cz\/en\/wp-json\/wp\/v2\/product_tag?post=19473"}],"curies":[{"name":"wp","href":"https:\/\/api.w.org\/{rel}","templated":true}]}}