{"id":19485,"date":"2025-10-27T14:19:54","date_gmt":"2025-10-27T14:19:54","guid":{"rendered":"https:\/\/eshop.cermandrevo.cz\/?post_type=product&#038;p=19485"},"modified":"2025-10-27T14:20:02","modified_gmt":"2025-10-27T14:20:02","slug":"truhla-2","status":"publish","type":"product","link":"https:\/\/eshop.cermandrevo.cz\/en\/product\/truhla-2\/","title":{"rendered":"Truhla"},"content":{"rendered":"<p><img fetchpriority=\"high\" decoding=\"async\" class=\"alignnone size-medium wp-image-19357\" src=\"https:\/\/eshop.cermandrevo.cz\/wp-content\/uploads\/2025\/10\/20250916_131718-300x225.jpg\" alt=\"\" width=\"300\" height=\"225\" srcset=\"https:\/\/eshop.cermandrevo.cz\/wp-content\/uploads\/2025\/10\/20250916_131718-300x225.jpg 300w, https:\/\/eshop.cermandrevo.cz\/wp-content\/uploads\/2025\/10\/20250916_131718-1024x768.jpg 1024w, https:\/\/eshop.cermandrevo.cz\/wp-content\/uploads\/2025\/10\/20250916_131718-768x576.jpg 768w, https:\/\/eshop.cermandrevo.cz\/wp-content\/uploads\/2025\/10\/20250916_131718-1536x1152.jpg 1536w, https:\/\/eshop.cermandrevo.cz\/wp-content\/uploads\/2025\/10\/20250916_131718-2048x1536.jpg 2048w, https:\/\/eshop.cermandrevo.cz\/wp-content\/uploads\/2025\/10\/20250916_131718-16x12.jpg 16w, https:\/\/eshop.cermandrevo.cz\/wp-content\/uploads\/2025\/10\/20250916_131718-370x278.jpg 370w, https:\/\/eshop.cermandrevo.cz\/wp-content\/uploads\/2025\/10\/20250916_131718-840x630.jpg 840w, https:\/\/eshop.cermandrevo.cz\/wp-content\/uploads\/2025\/10\/20250916_131718-410x308.jpg 410w, https:\/\/eshop.cermandrevo.cz\/wp-content\/uploads\/2025\/10\/20250916_131718-890x664.jpg 890w, https:\/\/eshop.cermandrevo.cz\/wp-content\/uploads\/2025\/10\/20250916_131718-600x450.jpg 600w\" sizes=\"(max-width: 300px) 100vw, 300px\" \/><img decoding=\"async\" class=\"alignnone size-medium wp-image-19358\" src=\"https:\/\/eshop.cermandrevo.cz\/wp-content\/uploads\/2025\/10\/20250916_131731-225x300.jpg\" alt=\"\" width=\"225\" height=\"300\" srcset=\"https:\/\/eshop.cermandrevo.cz\/wp-content\/uploads\/2025\/10\/20250916_131731-225x300.jpg 225w, https:\/\/eshop.cermandrevo.cz\/wp-content\/uploads\/2025\/10\/20250916_131731-768x1024.jpg 768w, https:\/\/eshop.cermandrevo.cz\/wp-content\/uploads\/2025\/10\/20250916_131731-1152x1536.jpg 1152w, https:\/\/eshop.cermandrevo.cz\/wp-content\/uploads\/2025\/10\/20250916_131731-1536x2048.jpg 1536w, https:\/\/eshop.cermandrevo.cz\/wp-content\/uploads\/2025\/10\/20250916_131731-9x12.jpg 9w, https:\/\/eshop.cermandrevo.cz\/wp-content\/uploads\/2025\/10\/20250916_131731-370x493.jpg 370w, https:\/\/eshop.cermandrevo.cz\/wp-content\/uploads\/2025\/10\/20250916_131731-840x1120.jpg 840w, https:\/\/eshop.cermandrevo.cz\/wp-content\/uploads\/2025\/10\/20250916_131731-410x547.jpg 410w, https:\/\/eshop.cermandrevo.cz\/wp-content\/uploads\/2025\/10\/20250916_131731-600x800.jpg 600w, https:\/\/eshop.cermandrevo.cz\/wp-content\/uploads\/2025\/10\/20250916_131731-scaled.jpg 1920w\" sizes=\"(max-width: 225px) 100vw, 225px\" \/><\/p>","protected":false},"excerpt":{"rendered":"<p>Tato staro\u017eitn\u00e1 truhla ze smrkov\u00e9ho masivu, poch\u00e1z\u00ed z roku 1870. Jej\u00ed sou\u010d\u00e1st\u00ed je p\u016fvodn\u00ed, pln\u011b funk\u010dn\u00ed z\u00e1mek s kl\u00ed\u010dem. Truhla je po celkov\u00e9 renovaci, povrchov\u00e1 \u00faprava &#8211; antik vosk.<\/p>","protected":false},"featured_media":19483,"template":"","meta":[],"product_brand":[],"product_cat":[190],"product_tag":[],"class_list":{"0":"post-19485","1":"product","2":"type-product","3":"status-publish","4":"has-post-thumbnail","6":"product_cat-truhly-a-kufry","8":"first","9":"instock","10":"shipping-taxable","11":"purchasable","12":"product-type-simple"},"_links":{"self":[{"href":"https:\/\/eshop.cermandrevo.cz\/en\/wp-json\/wp\/v2\/product\/19485","targetHints":{"allow":["GET"]}}],"collection":[{"href":"https:\/\/eshop.cermandrevo.cz\/en\/wp-json\/wp\/v2\/product"}],"about":[{"href":"https:\/\/eshop.cermandrevo.cz\/en\/wp-json\/wp\/v2\/types\/product"}],"wp:featuredmedia":[{"embeddable":true,"href":"https:\/\/eshop.cermandrevo.cz\/en\/wp-json\/wp\/v2\/media\/19483"}],"wp:attachment":[{"href":"https:\/\/eshop.cermandrevo.cz\/en\/wp-json\/wp\/v2\/media?parent=19485"}],"wp:term":[{"taxonomy":"product_brand","embeddable":true,"href":"https:\/\/eshop.cermandrevo.cz\/en\/wp-json\/wp\/v2\/product_brand?post=19485"},{"taxonomy":"product_cat","embeddable":true,"href":"https:\/\/eshop.cermandrevo.cz\/en\/wp-json\/wp\/v2\/product_cat?post=19485"},{"taxonomy":"product_tag","embeddable":true,"href":"https:\/\/eshop.cermandrevo.cz\/en\/wp-json\/wp\/v2\/product_tag?post=19485"}],"curies":[{"name":"wp","href":"https:\/\/api.w.org\/{rel}","templated":true}]}}