{"id":19532,"date":"2025-10-27T17:04:09","date_gmt":"2025-10-27T17:04:09","guid":{"rendered":"https:\/\/eshop.cermandrevo.cz\/?post_type=product&#038;p=19532"},"modified":"2025-10-27T17:04:10","modified_gmt":"2025-10-27T17:04:10","slug":"skrinka-spodek","status":"publish","type":"product","link":"https:\/\/eshop.cermandrevo.cz\/en\/product\/skrinka-spodek\/","title":{"rendered":"Sk\u0159\u00ed\u0148ka &#8211; spodek"},"content":{"rendered":"<p><img fetchpriority=\"high\" decoding=\"async\" class=\"alignnone size-medium wp-image-19518\" src=\"https:\/\/eshop.cermandrevo.cz\/wp-content\/uploads\/2025\/10\/20240718_070504-300x225.jpg\" alt=\"\" width=\"300\" height=\"225\" srcset=\"https:\/\/eshop.cermandrevo.cz\/wp-content\/uploads\/2025\/10\/20240718_070504-300x225.jpg 300w, https:\/\/eshop.cermandrevo.cz\/wp-content\/uploads\/2025\/10\/20240718_070504-1024x768.jpg 1024w, https:\/\/eshop.cermandrevo.cz\/wp-content\/uploads\/2025\/10\/20240718_070504-768x576.jpg 768w, https:\/\/eshop.cermandrevo.cz\/wp-content\/uploads\/2025\/10\/20240718_070504-1536x1152.jpg 1536w, https:\/\/eshop.cermandrevo.cz\/wp-content\/uploads\/2025\/10\/20240718_070504-2048x1536.jpg 2048w, https:\/\/eshop.cermandrevo.cz\/wp-content\/uploads\/2025\/10\/20240718_070504-16x12.jpg 16w, https:\/\/eshop.cermandrevo.cz\/wp-content\/uploads\/2025\/10\/20240718_070504-370x278.jpg 370w, https:\/\/eshop.cermandrevo.cz\/wp-content\/uploads\/2025\/10\/20240718_070504-840x630.jpg 840w, https:\/\/eshop.cermandrevo.cz\/wp-content\/uploads\/2025\/10\/20240718_070504-410x308.jpg 410w, https:\/\/eshop.cermandrevo.cz\/wp-content\/uploads\/2025\/10\/20240718_070504-890x664.jpg 890w, https:\/\/eshop.cermandrevo.cz\/wp-content\/uploads\/2025\/10\/20240718_070504-600x450.jpg 600w\" sizes=\"(max-width: 300px) 100vw, 300px\" \/><img decoding=\"async\" class=\"alignnone size-medium wp-image-19516\" src=\"https:\/\/eshop.cermandrevo.cz\/wp-content\/uploads\/2025\/10\/20240712_153706-300x225.jpg\" alt=\"\" width=\"300\" height=\"225\" srcset=\"https:\/\/eshop.cermandrevo.cz\/wp-content\/uploads\/2025\/10\/20240712_153706-300x225.jpg 300w, https:\/\/eshop.cermandrevo.cz\/wp-content\/uploads\/2025\/10\/20240712_153706-1024x768.jpg 1024w, https:\/\/eshop.cermandrevo.cz\/wp-content\/uploads\/2025\/10\/20240712_153706-768x576.jpg 768w, https:\/\/eshop.cermandrevo.cz\/wp-content\/uploads\/2025\/10\/20240712_153706-1536x1152.jpg 1536w, https:\/\/eshop.cermandrevo.cz\/wp-content\/uploads\/2025\/10\/20240712_153706-2048x1536.jpg 2048w, https:\/\/eshop.cermandrevo.cz\/wp-content\/uploads\/2025\/10\/20240712_153706-16x12.jpg 16w, https:\/\/eshop.cermandrevo.cz\/wp-content\/uploads\/2025\/10\/20240712_153706-370x278.jpg 370w, https:\/\/eshop.cermandrevo.cz\/wp-content\/uploads\/2025\/10\/20240712_153706-840x630.jpg 840w, https:\/\/eshop.cermandrevo.cz\/wp-content\/uploads\/2025\/10\/20240712_153706-410x308.jpg 410w, https:\/\/eshop.cermandrevo.cz\/wp-content\/uploads\/2025\/10\/20240712_153706-890x664.jpg 890w, https:\/\/eshop.cermandrevo.cz\/wp-content\/uploads\/2025\/10\/20240712_153706-600x450.jpg 600w\" sizes=\"(max-width: 300px) 100vw, 300px\" \/><\/p>","protected":false},"excerpt":{"rendered":"<p>Kr\u00e1sn\u00e1, staro\u017eitn\u00e1, dvoudve\u0159ov\u00e1 sk\u0159\u00ed\u0148ka se 2 \u0161upl\u00edky, je ze smrkov\u00e9ho masivu. Uvnit\u0159 je 1 police. Povrch je nat\u0159en sv\u011btlou barvou &#8211; mintovou s patinou a je zafixovan\u00e1 voskem.<\/p>","protected":false},"featured_media":19517,"template":"","meta":[],"product_brand":[],"product_cat":[181],"product_tag":[],"class_list":{"0":"post-19532","1":"product","2":"type-product","3":"status-publish","4":"has-post-thumbnail","6":"product_cat-skrine","8":"first","9":"instock","10":"shipping-taxable","11":"purchasable","12":"product-type-simple"},"_links":{"self":[{"href":"https:\/\/eshop.cermandrevo.cz\/en\/wp-json\/wp\/v2\/product\/19532","targetHints":{"allow":["GET"]}}],"collection":[{"href":"https:\/\/eshop.cermandrevo.cz\/en\/wp-json\/wp\/v2\/product"}],"about":[{"href":"https:\/\/eshop.cermandrevo.cz\/en\/wp-json\/wp\/v2\/types\/product"}],"wp:featuredmedia":[{"embeddable":true,"href":"https:\/\/eshop.cermandrevo.cz\/en\/wp-json\/wp\/v2\/media\/19517"}],"wp:attachment":[{"href":"https:\/\/eshop.cermandrevo.cz\/en\/wp-json\/wp\/v2\/media?parent=19532"}],"wp:term":[{"taxonomy":"product_brand","embeddable":true,"href":"https:\/\/eshop.cermandrevo.cz\/en\/wp-json\/wp\/v2\/product_brand?post=19532"},{"taxonomy":"product_cat","embeddable":true,"href":"https:\/\/eshop.cermandrevo.cz\/en\/wp-json\/wp\/v2\/product_cat?post=19532"},{"taxonomy":"product_tag","embeddable":true,"href":"https:\/\/eshop.cermandrevo.cz\/en\/wp-json\/wp\/v2\/product_tag?post=19532"}],"curies":[{"name":"wp","href":"https:\/\/api.w.org\/{rel}","templated":true}]}}