{"id":19535,"date":"2025-10-27T17:20:34","date_gmt":"2025-10-27T17:20:34","guid":{"rendered":"https:\/\/eshop.cermandrevo.cz\/?post_type=product&#038;p=19535"},"modified":"2025-10-27T17:20:40","modified_gmt":"2025-10-27T17:20:40","slug":"lavice-s-uloznym-prostorem-3","status":"publish","type":"product","link":"https:\/\/eshop.cermandrevo.cz\/en\/product\/lavice-s-uloznym-prostorem-3\/","title":{"rendered":"Lavice s \u00falo\u017en\u00fdm prostorem"},"content":{"rendered":"<p><img fetchpriority=\"high\" decoding=\"async\" class=\"alignnone size-medium wp-image-19505\" src=\"https:\/\/eshop.cermandrevo.cz\/wp-content\/uploads\/2025\/10\/20240611_140631-300x225.jpg\" alt=\"\" width=\"300\" height=\"225\" srcset=\"https:\/\/eshop.cermandrevo.cz\/wp-content\/uploads\/2025\/10\/20240611_140631-300x225.jpg 300w, https:\/\/eshop.cermandrevo.cz\/wp-content\/uploads\/2025\/10\/20240611_140631-1024x768.jpg 1024w, https:\/\/eshop.cermandrevo.cz\/wp-content\/uploads\/2025\/10\/20240611_140631-768x576.jpg 768w, https:\/\/eshop.cermandrevo.cz\/wp-content\/uploads\/2025\/10\/20240611_140631-1536x1152.jpg 1536w, https:\/\/eshop.cermandrevo.cz\/wp-content\/uploads\/2025\/10\/20240611_140631-2048x1536.jpg 2048w, https:\/\/eshop.cermandrevo.cz\/wp-content\/uploads\/2025\/10\/20240611_140631-16x12.jpg 16w, https:\/\/eshop.cermandrevo.cz\/wp-content\/uploads\/2025\/10\/20240611_140631-370x278.jpg 370w, https:\/\/eshop.cermandrevo.cz\/wp-content\/uploads\/2025\/10\/20240611_140631-840x630.jpg 840w, https:\/\/eshop.cermandrevo.cz\/wp-content\/uploads\/2025\/10\/20240611_140631-410x308.jpg 410w, https:\/\/eshop.cermandrevo.cz\/wp-content\/uploads\/2025\/10\/20240611_140631-890x664.jpg 890w, https:\/\/eshop.cermandrevo.cz\/wp-content\/uploads\/2025\/10\/20240611_140631-600x450.jpg 600w\" sizes=\"(max-width: 300px) 100vw, 300px\" \/><\/p>","protected":false},"excerpt":{"rendered":"<p>Staro\u017eitn\u00e1 lavice s \u00falo\u017en\u00fdm prostorem, je ze smrkov\u00e9ho masivu. Povrch je nat\u0159en antik olejem. Lavice je vhodn\u00e1 pouze do interieru.<\/p>","protected":false},"featured_media":19504,"template":"","meta":[],"product_brand":[],"product_cat":[186],"product_tag":[],"class_list":{"0":"post-19535","1":"product","2":"type-product","3":"status-publish","4":"has-post-thumbnail","6":"product_cat-lavice","8":"first","9":"instock","10":"shipping-taxable","11":"purchasable","12":"product-type-simple"},"_links":{"self":[{"href":"https:\/\/eshop.cermandrevo.cz\/en\/wp-json\/wp\/v2\/product\/19535","targetHints":{"allow":["GET"]}}],"collection":[{"href":"https:\/\/eshop.cermandrevo.cz\/en\/wp-json\/wp\/v2\/product"}],"about":[{"href":"https:\/\/eshop.cermandrevo.cz\/en\/wp-json\/wp\/v2\/types\/product"}],"wp:featuredmedia":[{"embeddable":true,"href":"https:\/\/eshop.cermandrevo.cz\/en\/wp-json\/wp\/v2\/media\/19504"}],"wp:attachment":[{"href":"https:\/\/eshop.cermandrevo.cz\/en\/wp-json\/wp\/v2\/media?parent=19535"}],"wp:term":[{"taxonomy":"product_brand","embeddable":true,"href":"https:\/\/eshop.cermandrevo.cz\/en\/wp-json\/wp\/v2\/product_brand?post=19535"},{"taxonomy":"product_cat","embeddable":true,"href":"https:\/\/eshop.cermandrevo.cz\/en\/wp-json\/wp\/v2\/product_cat?post=19535"},{"taxonomy":"product_tag","embeddable":true,"href":"https:\/\/eshop.cermandrevo.cz\/en\/wp-json\/wp\/v2\/product_tag?post=19535"}],"curies":[{"name":"wp","href":"https:\/\/api.w.org\/{rel}","templated":true}]}}