{"id":19541,"date":"2025-10-27T18:31:53","date_gmt":"2025-10-27T18:31:53","guid":{"rendered":"https:\/\/eshop.cermandrevo.cz\/?post_type=product&#038;p=19541"},"modified":"2025-10-27T18:31:59","modified_gmt":"2025-10-27T18:31:59","slug":"lavice-s-uloznym-prostorem-4","status":"publish","type":"product","link":"https:\/\/eshop.cermandrevo.cz\/en\/product\/lavice-s-uloznym-prostorem-4\/","title":{"rendered":"Lavice s ulo\u017en\u00fdm prostorem"},"content":{"rendered":"","protected":false},"excerpt":{"rendered":"<p>Replika lavice s \u00falo\u017en\u00fdm prostorem, je ze smrkov\u00e9ho masivu. Povrch je opat\u0159en olejem. Lavice je vhodn\u00e1 pouze do interi\u00e9ru.<\/p>","protected":false},"featured_media":19490,"template":"","meta":[],"product_brand":[],"product_cat":[186],"product_tag":[],"class_list":{"0":"post-19541","1":"product","2":"type-product","3":"status-publish","4":"has-post-thumbnail","6":"product_cat-lavice","8":"first","9":"instock","10":"shipping-taxable","11":"purchasable","12":"product-type-simple"},"_links":{"self":[{"href":"https:\/\/eshop.cermandrevo.cz\/en\/wp-json\/wp\/v2\/product\/19541","targetHints":{"allow":["GET"]}}],"collection":[{"href":"https:\/\/eshop.cermandrevo.cz\/en\/wp-json\/wp\/v2\/product"}],"about":[{"href":"https:\/\/eshop.cermandrevo.cz\/en\/wp-json\/wp\/v2\/types\/product"}],"wp:featuredmedia":[{"embeddable":true,"href":"https:\/\/eshop.cermandrevo.cz\/en\/wp-json\/wp\/v2\/media\/19490"}],"wp:attachment":[{"href":"https:\/\/eshop.cermandrevo.cz\/en\/wp-json\/wp\/v2\/media?parent=19541"}],"wp:term":[{"taxonomy":"product_brand","embeddable":true,"href":"https:\/\/eshop.cermandrevo.cz\/en\/wp-json\/wp\/v2\/product_brand?post=19541"},{"taxonomy":"product_cat","embeddable":true,"href":"https:\/\/eshop.cermandrevo.cz\/en\/wp-json\/wp\/v2\/product_cat?post=19541"},{"taxonomy":"product_tag","embeddable":true,"href":"https:\/\/eshop.cermandrevo.cz\/en\/wp-json\/wp\/v2\/product_tag?post=19541"}],"curies":[{"name":"wp","href":"https:\/\/api.w.org\/{rel}","templated":true}]}}